{"id":1965,"date":"2021-10-20T01:57:03","date_gmt":"2021-10-20T04:57:03","guid":{"rendered":"https:\/\/wp-prd.tr99.com.br\/en\/?page_id=1965"},"modified":"2021-10-20T01:59:05","modified_gmt":"2021-10-20T04:59:05","slug":"the-press","status":"publish","type":"page","link":"https:\/\/herbarium.com.br\/en\/the-press\/","title":{"rendered":"The Press"},"content":{"rendered":"","protected":false},"excerpt":{"rendered":"","protected":false},"author":73,"featured_media":1968,"parent":0,"menu_order":0,"comment_status":"closed","ping_status":"closed","template":"","meta":{"_monsterinsights_skip_tracking":false,"_monsterinsights_sitenote_active":false,"_monsterinsights_sitenote_note":"","_monsterinsights_sitenote_category":0,"footnotes":""},"class_list":["post-1965","page","type-page","status-publish","has-post-thumbnail","hentry"],"yoast_head":"<!-- This site is optimized with the Yoast SEO plugin v20.9 - https:\/\/yoast.com\/wordpress\/plugins\/seo\/ -->\n<title>The Press - Herbarium English<\/title>\n<meta name=\"robots\" content=\"index, follow, max-snippet:-1, max-image-preview:large, max-video-preview:-1\" \/>\n<link rel=\"canonical\" href=\"https:\/\/herbarium.com.br\/en\/the-press\/\" \/>\n<meta property=\"og:locale\" content=\"pt_BR\" \/>\n<meta property=\"og:type\" content=\"article\" \/>\n<meta property=\"og:title\" content=\"The Press - Herbarium English\" \/>\n<meta property=\"og:url\" content=\"https:\/\/herbarium.com.br\/en\/the-press\/\" \/>\n<meta property=\"og:site_name\" content=\"Herbarium English\" \/>\n<meta property=\"article:modified_time\" content=\"2021-10-20T04:59:05+00:00\" \/>\n<meta property=\"og:image\" content=\"https:\/\/herbarium.com.br\/en\/wp-content\/uploads\/sites\/4\/2021\/10\/herb_midia.jpg\" \/>\n\t<meta property=\"og:image:width\" content=\"2048\" \/>\n\t<meta property=\"og:image:height\" content=\"1152\" \/>\n\t<meta property=\"og:image:type\" content=\"image\/jpeg\" \/>\n<meta name=\"twitter:card\" content=\"summary_large_image\" \/>\n<script type=\"application\/ld+json\" class=\"yoast-schema-graph\">{\"@context\":\"https:\/\/schema.org\",\"@graph\":[{\"@type\":\"WebPage\",\"@id\":\"https:\/\/herbarium.com.br\/en\/the-press\/\",\"url\":\"https:\/\/herbarium.com.br\/en\/the-press\/\",\"name\":\"The Press - Herbarium English\",\"isPartOf\":{\"@id\":\"https:\/\/herbarium.com.br\/en\/#website\"},\"datePublished\":\"2021-10-20T04:57:03+00:00\",\"dateModified\":\"2021-10-20T04:59:05+00:00\",\"breadcrumb\":{\"@id\":\"https:\/\/herbarium.com.br\/en\/the-press\/#breadcrumb\"},\"inLanguage\":\"pt-BR\",\"potentialAction\":[{\"@type\":\"ReadAction\",\"target\":[\"https:\/\/herbarium.com.br\/en\/the-press\/\"]}]},{\"@type\":\"BreadcrumbList\",\"@id\":\"https:\/\/herbarium.com.br\/en\/the-press\/#breadcrumb\",\"itemListElement\":[{\"@type\":\"ListItem\",\"position\":1,\"name\":\"In\u00edcio\",\"item\":\"https:\/\/herbarium.com.br\/\/en\/\"},{\"@type\":\"ListItem\",\"position\":2,\"name\":\"The Press\"}]},{\"@type\":\"WebSite\",\"@id\":\"https:\/\/herbarium.com.br\/en\/#website\",\"url\":\"https:\/\/herbarium.com.br\/en\/\",\"name\":\"Herbarium English\",\"description\":\"Um laborat\u00f3rio farmac\u00eautico refer\u00eancia em Fitomedicina no pa\u00eds\",\"potentialAction\":[{\"@type\":\"SearchAction\",\"target\":{\"@type\":\"EntryPoint\",\"urlTemplate\":\"https:\/\/herbarium.com.br\/en\/?s={search_term_string}\"},\"query-input\":\"required name=search_term_string\"}],\"inLanguage\":\"pt-BR\"}]}<\/script>\n<!-- \/ Yoast SEO plugin. -->","yoast_head_json":{"title":"The Press - Herbarium English","robots":{"index":"index","follow":"follow","max-snippet":"max-snippet:-1","max-image-preview":"max-image-preview:large","max-video-preview":"max-video-preview:-1"},"canonical":"https:\/\/herbarium.com.br\/en\/the-press\/","og_locale":"pt_BR","og_type":"article","og_title":"The Press - Herbarium English","og_url":"https:\/\/herbarium.com.br\/en\/the-press\/","og_site_name":"Herbarium English","article_modified_time":"2021-10-20T04:59:05+00:00","og_image":[{"width":2048,"height":1152,"url":"https:\/\/herbarium.com.br\/en\/wp-content\/uploads\/sites\/4\/2021\/10\/herb_midia.jpg","type":"image\/jpeg"}],"twitter_card":"summary_large_image","schema":{"@context":"https:\/\/schema.org","@graph":[{"@type":"WebPage","@id":"https:\/\/herbarium.com.br\/en\/the-press\/","url":"https:\/\/herbarium.com.br\/en\/the-press\/","name":"The Press - Herbarium English","isPartOf":{"@id":"https:\/\/herbarium.com.br\/en\/#website"},"datePublished":"2021-10-20T04:57:03+00:00","dateModified":"2021-10-20T04:59:05+00:00","breadcrumb":{"@id":"https:\/\/herbarium.com.br\/en\/the-press\/#breadcrumb"},"inLanguage":"pt-BR","potentialAction":[{"@type":"ReadAction","target":["https:\/\/herbarium.com.br\/en\/the-press\/"]}]},{"@type":"BreadcrumbList","@id":"https:\/\/herbarium.com.br\/en\/the-press\/#breadcrumb","itemListElement":[{"@type":"ListItem","position":1,"name":"In\u00edcio","item":"https:\/\/herbarium.com.br\/\/en\/"},{"@type":"ListItem","position":2,"name":"The Press"}]},{"@type":"WebSite","@id":"https:\/\/herbarium.com.br\/en\/#website","url":"https:\/\/herbarium.com.br\/en\/","name":"Herbarium English","description":"Um laborat\u00f3rio farmac\u00eautico refer\u00eancia em Fitomedicina no pa\u00eds","potentialAction":[{"@type":"SearchAction","target":{"@type":"EntryPoint","urlTemplate":"https:\/\/herbarium.com.br\/en\/?s={search_term_string}"},"query-input":"required name=search_term_string"}],"inLanguage":"pt-BR"}]}},"_links":{"self":[{"href":"https:\/\/herbarium.com.br\/en\/wp-json\/wp\/v2\/pages\/1965","targetHints":{"allow":["GET"]}}],"collection":[{"href":"https:\/\/herbarium.com.br\/en\/wp-json\/wp\/v2\/pages"}],"about":[{"href":"https:\/\/herbarium.com.br\/en\/wp-json\/wp\/v2\/types\/page"}],"author":[{"embeddable":true,"href":"https:\/\/herbarium.com.br\/en\/wp-json\/wp\/v2\/users\/73"}],"replies":[{"embeddable":true,"href":"https:\/\/herbarium.com.br\/en\/wp-json\/wp\/v2\/comments?post=1965"}],"version-history":[{"count":0,"href":"https:\/\/herbarium.com.br\/en\/wp-json\/wp\/v2\/pages\/1965\/revisions"}],"wp:featuredmedia":[{"embeddable":true,"href":"https:\/\/herbarium.com.br\/en\/wp-json\/wp\/v2\/media\/1968"}],"wp:attachment":[{"href":"https:\/\/herbarium.com.br\/en\/wp-json\/wp\/v2\/media?parent=1965"}],"curies":[{"name":"wp","href":"https:\/\/api.w.org\/{rel}","templated":true}]}}