{"id":2058,"date":"2021-08-20T11:50:15","date_gmt":"2021-08-20T14:50:15","guid":{"rendered":"https:\/\/wp-prd.tr99.com.br\/es\/?page_id=2058"},"modified":"2021-08-24T14:37:46","modified_gmt":"2021-08-24T17:37:46","slug":"servicio-de-prensa","status":"publish","type":"page","link":"https:\/\/herbarium.com.br\/es\/servicio-de-prensa\/","title":{"rendered":"Servicio de prensa"},"content":{"rendered":"","protected":false},"excerpt":{"rendered":"","protected":false},"author":73,"featured_media":2109,"parent":0,"menu_order":0,"comment_status":"closed","ping_status":"closed","template":"","meta":{"_monsterinsights_skip_tracking":false,"_monsterinsights_sitenote_active":false,"_monsterinsights_sitenote_note":"","_monsterinsights_sitenote_category":0,"footnotes":""},"class_list":["post-2058","page","type-page","status-publish","has-post-thumbnail","hentry"],"yoast_head":"<!-- This site is optimized with the Yoast SEO plugin v20.9 - https:\/\/yoast.com\/wordpress\/plugins\/seo\/ -->\n<title>Servicio de prensa - Herbarium Espa\u00f1ol<\/title>\n<meta name=\"robots\" content=\"index, follow, max-snippet:-1, max-image-preview:large, max-video-preview:-1\" \/>\n<link rel=\"canonical\" href=\"https:\/\/herbarium.com.br\/es\/servicio-de-prensa\/\" \/>\n<meta property=\"og:locale\" content=\"pt_BR\" \/>\n<meta property=\"og:type\" content=\"article\" \/>\n<meta property=\"og:title\" content=\"Servicio de prensa - Herbarium Espa\u00f1ol\" \/>\n<meta property=\"og:url\" content=\"https:\/\/herbarium.com.br\/es\/servicio-de-prensa\/\" \/>\n<meta property=\"og:site_name\" content=\"Herbarium Espa\u00f1ol\" \/>\n<meta property=\"article:modified_time\" content=\"2021-08-24T17:37:46+00:00\" \/>\n<meta property=\"og:image\" content=\"https:\/\/herbarium.com.br\/es\/wp-content\/uploads\/sites\/5\/2021\/08\/herb_midia-1920x730-1.jpg\" \/>\n\t<meta property=\"og:image:width\" content=\"1920\" \/>\n\t<meta property=\"og:image:height\" content=\"730\" \/>\n\t<meta property=\"og:image:type\" content=\"image\/jpeg\" \/>\n<meta name=\"twitter:card\" content=\"summary_large_image\" \/>\n<script type=\"application\/ld+json\" class=\"yoast-schema-graph\">{\"@context\":\"https:\/\/schema.org\",\"@graph\":[{\"@type\":\"WebPage\",\"@id\":\"https:\/\/herbarium.com.br\/es\/servicio-de-prensa\/\",\"url\":\"https:\/\/herbarium.com.br\/es\/servicio-de-prensa\/\",\"name\":\"Servicio de prensa - Herbarium Espa\u00f1ol\",\"isPartOf\":{\"@id\":\"https:\/\/herbarium.com.br\/es\/#website\"},\"datePublished\":\"2021-08-20T14:50:15+00:00\",\"dateModified\":\"2021-08-24T17:37:46+00:00\",\"breadcrumb\":{\"@id\":\"https:\/\/herbarium.com.br\/es\/servicio-de-prensa\/#breadcrumb\"},\"inLanguage\":\"pt-BR\",\"potentialAction\":[{\"@type\":\"ReadAction\",\"target\":[\"https:\/\/herbarium.com.br\/es\/servicio-de-prensa\/\"]}]},{\"@type\":\"BreadcrumbList\",\"@id\":\"https:\/\/herbarium.com.br\/es\/servicio-de-prensa\/#breadcrumb\",\"itemListElement\":[{\"@type\":\"ListItem\",\"position\":1,\"name\":\"In\u00edcio\",\"item\":\"https:\/\/herbarium.com.br\/\/es\/\"},{\"@type\":\"ListItem\",\"position\":2,\"name\":\"Servicio de prensa\"}]},{\"@type\":\"WebSite\",\"@id\":\"https:\/\/herbarium.com.br\/es\/#website\",\"url\":\"https:\/\/herbarium.com.br\/es\/\",\"name\":\"Herbarium Espa\u00f1ol\",\"description\":\"Um laborat\u00f3rio farmac\u00eautico refer\u00eancia em Fitomedicina no pa\u00eds\",\"potentialAction\":[{\"@type\":\"SearchAction\",\"target\":{\"@type\":\"EntryPoint\",\"urlTemplate\":\"https:\/\/herbarium.com.br\/es\/?s={search_term_string}\"},\"query-input\":\"required name=search_term_string\"}],\"inLanguage\":\"pt-BR\"}]}<\/script>\n<!-- \/ Yoast SEO plugin. -->","yoast_head_json":{"title":"Servicio de prensa - Herbarium Espa\u00f1ol","robots":{"index":"index","follow":"follow","max-snippet":"max-snippet:-1","max-image-preview":"max-image-preview:large","max-video-preview":"max-video-preview:-1"},"canonical":"https:\/\/herbarium.com.br\/es\/servicio-de-prensa\/","og_locale":"pt_BR","og_type":"article","og_title":"Servicio de prensa - Herbarium Espa\u00f1ol","og_url":"https:\/\/herbarium.com.br\/es\/servicio-de-prensa\/","og_site_name":"Herbarium Espa\u00f1ol","article_modified_time":"2021-08-24T17:37:46+00:00","og_image":[{"width":1920,"height":730,"url":"https:\/\/herbarium.com.br\/es\/wp-content\/uploads\/sites\/5\/2021\/08\/herb_midia-1920x730-1.jpg","type":"image\/jpeg"}],"twitter_card":"summary_large_image","schema":{"@context":"https:\/\/schema.org","@graph":[{"@type":"WebPage","@id":"https:\/\/herbarium.com.br\/es\/servicio-de-prensa\/","url":"https:\/\/herbarium.com.br\/es\/servicio-de-prensa\/","name":"Servicio de prensa - Herbarium Espa\u00f1ol","isPartOf":{"@id":"https:\/\/herbarium.com.br\/es\/#website"},"datePublished":"2021-08-20T14:50:15+00:00","dateModified":"2021-08-24T17:37:46+00:00","breadcrumb":{"@id":"https:\/\/herbarium.com.br\/es\/servicio-de-prensa\/#breadcrumb"},"inLanguage":"pt-BR","potentialAction":[{"@type":"ReadAction","target":["https:\/\/herbarium.com.br\/es\/servicio-de-prensa\/"]}]},{"@type":"BreadcrumbList","@id":"https:\/\/herbarium.com.br\/es\/servicio-de-prensa\/#breadcrumb","itemListElement":[{"@type":"ListItem","position":1,"name":"In\u00edcio","item":"https:\/\/herbarium.com.br\/\/es\/"},{"@type":"ListItem","position":2,"name":"Servicio de prensa"}]},{"@type":"WebSite","@id":"https:\/\/herbarium.com.br\/es\/#website","url":"https:\/\/herbarium.com.br\/es\/","name":"Herbarium Espa\u00f1ol","description":"Um laborat\u00f3rio farmac\u00eautico refer\u00eancia em Fitomedicina no pa\u00eds","potentialAction":[{"@type":"SearchAction","target":{"@type":"EntryPoint","urlTemplate":"https:\/\/herbarium.com.br\/es\/?s={search_term_string}"},"query-input":"required name=search_term_string"}],"inLanguage":"pt-BR"}]}},"_links":{"self":[{"href":"https:\/\/herbarium.com.br\/es\/wp-json\/wp\/v2\/pages\/2058","targetHints":{"allow":["GET"]}}],"collection":[{"href":"https:\/\/herbarium.com.br\/es\/wp-json\/wp\/v2\/pages"}],"about":[{"href":"https:\/\/herbarium.com.br\/es\/wp-json\/wp\/v2\/types\/page"}],"author":[{"embeddable":true,"href":"https:\/\/herbarium.com.br\/es\/wp-json\/wp\/v2\/users\/73"}],"replies":[{"embeddable":true,"href":"https:\/\/herbarium.com.br\/es\/wp-json\/wp\/v2\/comments?post=2058"}],"version-history":[{"count":0,"href":"https:\/\/herbarium.com.br\/es\/wp-json\/wp\/v2\/pages\/2058\/revisions"}],"wp:featuredmedia":[{"embeddable":true,"href":"https:\/\/herbarium.com.br\/es\/wp-json\/wp\/v2\/media\/2109"}],"wp:attachment":[{"href":"https:\/\/herbarium.com.br\/es\/wp-json\/wp\/v2\/media?parent=2058"}],"curies":[{"name":"wp","href":"https:\/\/api.w.org\/{rel}","templated":true}]}}