{"id":859,"date":"2019-10-13T21:55:12","date_gmt":"2019-10-14T00:55:12","guid":{"rendered":"https:\/\/wp-prd.tr99.com.br\/es\/?page_id=859"},"modified":"2019-10-13T21:55:30","modified_gmt":"2019-10-14T00:55:30","slug":"wiki-de-plantas","status":"publish","type":"page","link":"https:\/\/herbarium.com.br\/es\/wiki-de-plantas\/","title":{"rendered":"Wiki de Plantas"},"content":{"rendered":"","protected":false},"excerpt":{"rendered":"","protected":false},"author":12,"featured_media":0,"parent":0,"menu_order":0,"comment_status":"closed","ping_status":"closed","template":"template-wiki.php","meta":{"_monsterinsights_skip_tracking":false,"_monsterinsights_sitenote_active":false,"_monsterinsights_sitenote_note":"","_monsterinsights_sitenote_category":0,"footnotes":""},"class_list":["post-859","page","type-page","status-publish","hentry"],"yoast_head":"<!-- This site is optimized with the Yoast SEO plugin v20.9 - https:\/\/yoast.com\/wordpress\/plugins\/seo\/ -->\n<title>Wiki de Plantas - Herbarium Espa\u00f1ol<\/title>\n<meta name=\"robots\" content=\"index, follow, max-snippet:-1, max-image-preview:large, max-video-preview:-1\" \/>\n<link rel=\"canonical\" href=\"https:\/\/herbarium.com.br\/es\/wiki-de-plantas\/\" \/>\n<meta property=\"og:locale\" content=\"pt_BR\" \/>\n<meta property=\"og:type\" content=\"article\" \/>\n<meta property=\"og:title\" content=\"Wiki de Plantas - Herbarium Espa\u00f1ol\" \/>\n<meta property=\"og:url\" content=\"https:\/\/herbarium.com.br\/es\/wiki-de-plantas\/\" \/>\n<meta property=\"og:site_name\" content=\"Herbarium Espa\u00f1ol\" \/>\n<meta property=\"article:modified_time\" content=\"2019-10-14T00:55:30+00:00\" \/>\n<meta name=\"twitter:card\" content=\"summary_large_image\" \/>\n<script type=\"application\/ld+json\" class=\"yoast-schema-graph\">{\"@context\":\"https:\/\/schema.org\",\"@graph\":[{\"@type\":\"WebPage\",\"@id\":\"https:\/\/herbarium.com.br\/es\/wiki-de-plantas\/\",\"url\":\"https:\/\/herbarium.com.br\/es\/wiki-de-plantas\/\",\"name\":\"Wiki de Plantas - Herbarium Espa\u00f1ol\",\"isPartOf\":{\"@id\":\"https:\/\/herbarium.com.br\/es\/#website\"},\"datePublished\":\"2019-10-14T00:55:12+00:00\",\"dateModified\":\"2019-10-14T00:55:30+00:00\",\"breadcrumb\":{\"@id\":\"https:\/\/herbarium.com.br\/es\/wiki-de-plantas\/#breadcrumb\"},\"inLanguage\":\"pt-BR\",\"potentialAction\":[{\"@type\":\"ReadAction\",\"target\":[\"https:\/\/herbarium.com.br\/es\/wiki-de-plantas\/\"]}]},{\"@type\":\"BreadcrumbList\",\"@id\":\"https:\/\/herbarium.com.br\/es\/wiki-de-plantas\/#breadcrumb\",\"itemListElement\":[{\"@type\":\"ListItem\",\"position\":1,\"name\":\"In\u00edcio\",\"item\":\"https:\/\/herbarium.com.br\/\/es\/\"},{\"@type\":\"ListItem\",\"position\":2,\"name\":\"Wiki de Plantas\"}]},{\"@type\":\"WebSite\",\"@id\":\"https:\/\/herbarium.com.br\/es\/#website\",\"url\":\"https:\/\/herbarium.com.br\/es\/\",\"name\":\"Herbarium Espa\u00f1ol\",\"description\":\"Um laborat\u00f3rio farmac\u00eautico refer\u00eancia em Fitomedicina no pa\u00eds\",\"potentialAction\":[{\"@type\":\"SearchAction\",\"target\":{\"@type\":\"EntryPoint\",\"urlTemplate\":\"https:\/\/herbarium.com.br\/es\/?s={search_term_string}\"},\"query-input\":\"required name=search_term_string\"}],\"inLanguage\":\"pt-BR\"}]}<\/script>\n<!-- \/ Yoast SEO plugin. -->","yoast_head_json":{"title":"Wiki de Plantas - Herbarium Espa\u00f1ol","robots":{"index":"index","follow":"follow","max-snippet":"max-snippet:-1","max-image-preview":"max-image-preview:large","max-video-preview":"max-video-preview:-1"},"canonical":"https:\/\/herbarium.com.br\/es\/wiki-de-plantas\/","og_locale":"pt_BR","og_type":"article","og_title":"Wiki de Plantas - Herbarium Espa\u00f1ol","og_url":"https:\/\/herbarium.com.br\/es\/wiki-de-plantas\/","og_site_name":"Herbarium Espa\u00f1ol","article_modified_time":"2019-10-14T00:55:30+00:00","twitter_card":"summary_large_image","schema":{"@context":"https:\/\/schema.org","@graph":[{"@type":"WebPage","@id":"https:\/\/herbarium.com.br\/es\/wiki-de-plantas\/","url":"https:\/\/herbarium.com.br\/es\/wiki-de-plantas\/","name":"Wiki de Plantas - Herbarium Espa\u00f1ol","isPartOf":{"@id":"https:\/\/herbarium.com.br\/es\/#website"},"datePublished":"2019-10-14T00:55:12+00:00","dateModified":"2019-10-14T00:55:30+00:00","breadcrumb":{"@id":"https:\/\/herbarium.com.br\/es\/wiki-de-plantas\/#breadcrumb"},"inLanguage":"pt-BR","potentialAction":[{"@type":"ReadAction","target":["https:\/\/herbarium.com.br\/es\/wiki-de-plantas\/"]}]},{"@type":"BreadcrumbList","@id":"https:\/\/herbarium.com.br\/es\/wiki-de-plantas\/#breadcrumb","itemListElement":[{"@type":"ListItem","position":1,"name":"In\u00edcio","item":"https:\/\/herbarium.com.br\/\/es\/"},{"@type":"ListItem","position":2,"name":"Wiki de Plantas"}]},{"@type":"WebSite","@id":"https:\/\/herbarium.com.br\/es\/#website","url":"https:\/\/herbarium.com.br\/es\/","name":"Herbarium Espa\u00f1ol","description":"Um laborat\u00f3rio farmac\u00eautico refer\u00eancia em Fitomedicina no pa\u00eds","potentialAction":[{"@type":"SearchAction","target":{"@type":"EntryPoint","urlTemplate":"https:\/\/herbarium.com.br\/es\/?s={search_term_string}"},"query-input":"required name=search_term_string"}],"inLanguage":"pt-BR"}]}},"_links":{"self":[{"href":"https:\/\/herbarium.com.br\/es\/wp-json\/wp\/v2\/pages\/859","targetHints":{"allow":["GET"]}}],"collection":[{"href":"https:\/\/herbarium.com.br\/es\/wp-json\/wp\/v2\/pages"}],"about":[{"href":"https:\/\/herbarium.com.br\/es\/wp-json\/wp\/v2\/types\/page"}],"author":[{"embeddable":true,"href":"https:\/\/herbarium.com.br\/es\/wp-json\/wp\/v2\/users\/12"}],"replies":[{"embeddable":true,"href":"https:\/\/herbarium.com.br\/es\/wp-json\/wp\/v2\/comments?post=859"}],"version-history":[{"count":0,"href":"https:\/\/herbarium.com.br\/es\/wp-json\/wp\/v2\/pages\/859\/revisions"}],"wp:attachment":[{"href":"https:\/\/herbarium.com.br\/es\/wp-json\/wp\/v2\/media?parent=859"}],"curies":[{"name":"wp","href":"https:\/\/api.w.org\/{rel}","templated":true}]}}